{"id":394,"date":"2023-07-12T06:52:12","date_gmt":"2023-07-12T06:52:12","guid":{"rendered":"https:\/\/heutschi-sa.ch\/blog\/"},"modified":"2024-03-08T22:29:18","modified_gmt":"2024-03-08T22:29:18","slug":"blog","status":"publish","type":"page","link":"https:\/\/heutschi-sa.ch\/de\/blog\/","title":{"rendered":"Blog"},"content":{"rendered":"<p>[et_pb_section fb_built=&#8220;1&#8243; _builder_version=&#8220;4.21.0&#8243; _module_preset=&#8220;default&#8220; global_colors_info=&#8220;{}&#8220;][et_pb_row _builder_version=&#8220;4.21.0&#8243; _module_preset=&#8220;default&#8220; custom_padding=&#8220;|2px||||&#8220; global_colors_info=&#8220;{}&#8220;][et_pb_column type=&#8220;4_4&#8243; _builder_version=&#8220;4.21.0&#8243; _module_preset=&#8220;default&#8220; global_colors_info=&#8220;{}&#8220;][et_pb_accordion _builder_version=&#8220;4.21.0&#8243; _module_preset=&#8220;default&#8220; global_colors_info=&#8220;{}&#8220;][et_pb_accordion_item title=&#8220;Heutschi SA &#8211; Der Spezialist f\u00fcr Schr\u00e4gaufz\u00fcge im Tessin und in der ganzen Schweiz&#8220; open=&#8220;on&#8220; _builder_version=&#8220;4.21.0&#8243; _module_preset=&#8220;default&#8220; global_colors_info=&#8220;{}&#8220;][\/et_pb_accordion_item][\/et_pb_accordion][et_pb_button button_url=&#8220;https:\/\/standseilbahn.ch\/341-schraegaufzug-schraegaufzuege-heutschi?highlight=WyJoZXV0c2NoaSJd&#8220; button_text=&#8220;Weiter zum Artikel&#8220; admin_label=&#8220;hkgsdg&#8220; _builder_version=&#8220;4.21.0&#8243; _module_preset=&#8220;default&#8220; global_colors_info=&#8220;{}&#8220;][\/et_pb_button][et_pb_accordion _builder_version=&#8220;4.21.0&#8243; _module_preset=&#8220;default&#8220; global_colors_info=&#8220;{}&#8220;][et_pb_accordion_item title=&#8220;Heutschi baute den steilsten Outdoor Schr\u00e4gaufzug der Schweiz&#8220; open=&#8220;on&#8220; _builder_version=&#8220;4.21.0&#8243; _module_preset=&#8220;default&#8220; global_colors_info=&#8220;{}&#8220;][\/et_pb_accordion_item][\/et_pb_accordion][et_pb_button button_url=&#8220;https:\/\/standseilbahn.ch\/279-steilster-schraegaufzug?highlight=WyJoZXV0c2NoaSJd&#8220; button_text=&#8220;Weiter zum Artikel&#8220; admin_label=&#8220;hkgsdg&#8220; _builder_version=&#8220;4.21.0&#8243; _module_preset=&#8220;default&#8220; global_colors_info=&#8220;{}&#8220;][\/et_pb_button][\/et_pb_column][\/et_pb_row][et_pb_row _builder_version=&#8220;4.21.0&#8243; _module_preset=&#8220;default&#8220; global_colors_info=&#8220;{}&#8220;][et_pb_column type=&#8220;4_4&#8243; _builder_version=&#8220;4.21.0&#8243; _module_preset=&#8220;default&#8220; global_colors_info=&#8220;{}&#8220;][\/et_pb_column][\/et_pb_row][\/et_pb_section]<\/p>\n","protected":false},"excerpt":{"rendered":"","protected":false},"author":2,"featured_media":0,"parent":0,"menu_order":0,"comment_status":"closed","ping_status":"closed","template":"","meta":{"_et_pb_use_builder":"on","_et_pb_old_content":"","_et_gb_content_width":""},"_links":{"self":[{"href":"https:\/\/heutschi-sa.ch\/de\/wp-json\/wp\/v2\/pages\/394"}],"collection":[{"href":"https:\/\/heutschi-sa.ch\/de\/wp-json\/wp\/v2\/pages"}],"about":[{"href":"https:\/\/heutschi-sa.ch\/de\/wp-json\/wp\/v2\/types\/page"}],"author":[{"embeddable":true,"href":"https:\/\/heutschi-sa.ch\/de\/wp-json\/wp\/v2\/users\/2"}],"replies":[{"embeddable":true,"href":"https:\/\/heutschi-sa.ch\/de\/wp-json\/wp\/v2\/comments?post=394"}],"version-history":[{"count":3,"href":"https:\/\/heutschi-sa.ch\/de\/wp-json\/wp\/v2\/pages\/394\/revisions"}],"predecessor-version":[{"id":497,"href":"https:\/\/heutschi-sa.ch\/de\/wp-json\/wp\/v2\/pages\/394\/revisions\/497"}],"wp:attachment":[{"href":"https:\/\/heutschi-sa.ch\/de\/wp-json\/wp\/v2\/media?parent=394"}],"curies":[{"name":"wp","href":"https:\/\/api.w.org\/{rel}","templated":true}]}}