{"id":410,"date":"2023-07-11T22:15:48","date_gmt":"2023-07-11T22:15:48","guid":{"rendered":"https:\/\/heutschi-sa.ch\/ueber-uns\/"},"modified":"2024-04-03T06:05:12","modified_gmt":"2024-04-03T06:05:12","slug":"ueber-uns","status":"publish","type":"page","link":"https:\/\/heutschi-sa.ch\/de\/ueber-uns\/","title":{"rendered":"\u00dcber uns"},"content":{"rendered":"<p>[et_pb_section fb_built=&#8220;1&#8243; fullwidth=&#8220;on&#8220; admin_label=&#8220;Header&#8220; _builder_version=&#8220;4.21.0&#8243; background_image=&#8220;https:\/\/heutschi-sa.ch\/wp-content\/uploads\/2024\/01\/PHOTO-2021-03-12-08-57-56.jpg&#8220; transform_scale=&#8220;97%|97%&#8220; custom_margin=&#8220;|||&#8220; custom_padding=&#8220;|||&#8220; filter_saturate=&#8220;116%&#8220; filter_brightness=&#8220;109%&#8220; filter_contrast=&#8220;110%&#8220; link_option_url=&#8220;https:\/\/www.youtube.com\/watch?v=x_2ofsz920k&#8220; global_colors_info=&#8220;{}&#8220;][et_pb_fullwidth_header title=&#8220;Familienunternehmen seit 3 Generationen&#8220; button_one_text=&#8220;Entdecken Sie unsere Standseilbahnen&#8220; button_one_url=&#8220;https:\/\/www.youtube.com\/watch?v=7tOhQhaN8vo&#8220; button_two_url=&#8220;#&#8220; scroll_down_icon_size_tablet=&#8220;&#8220; scroll_down_icon_size_phone=&#8220;&#8220; scroll_down_icon_size_last_edited=&#8220;on|phone&#8220; _builder_version=&#8220;4.21.0&#8243; title_font=&#8220;Ubuntu|700|||||||&#8220; title_font_size=&#8220;70px&#8220; title_line_height=&#8220;1.2em&#8220; content_font=&#8220;|600|||||||&#8220; content_font_size=&#8220;20px&#8220; content_line_height=&#8220;2em&#8220; background_color=&#8220;rgba(255,255,255,0)&#8220; use_background_color_gradient=&#8220;on&#8220; background_color_gradient_type=&#8220;circular&#8220; background_color_gradient_direction_radial=&#8220;right&#8220; background_color_gradient_stops=&#8220;rgba(255,255,255,0) 0%|rgba(255,255,255,0.75) 96%&#8220; background_color_gradient_start=&#8220;rgba(255,255,255,0)&#8220; background_color_gradient_end=&#8220;#ffffff&#8220; background_color_gradient_end_position=&#8220;70%&#8220; background_enable_image=&#8220;off&#8220; custom_button_one=&#8220;on&#8220; button_one_text_size=&#8220;18px&#8220; button_one_text_color=&#8220;#ffffff&#8220; button_one_bg_color=&#8220;#f2835a&#8220; button_one_bg_color_gradient_direction=&#8220;90deg&#8220; button_one_bg_color_gradient_stops=&#8220;#f2835a 0%|#fab993 100%&#8220; button_one_bg_color_gradient_overlays_image=&#8220;on&#8220; button_one_bg_color_gradient_start=&#8220;#f2835a&#8220; button_one_bg_color_gradient_end=&#8220;#fab993&#8243; button_one_border_width=&#8220;10px&#8220; button_one_border_color=&#8220;#f2835a&#8220; button_one_border_radius=&#8220;0px&#8220; button_one_font=&#8220;Ubuntu|700|||||||&#8220; custom_button_two=&#8220;on&#8220; button_two_text_size=&#8220;18px&#8220; button_two_text_color=&#8220;#ffffff&#8220; button_two_bg_color=&#8220;#557df3&#8243; button_two_border_width=&#8220;10px&#8220; button_two_border_color=&#8220;#557df3&#8243; button_two_border_radius=&#8220;0px&#8220; button_two_font=&#8220;Ubuntu|700|||||||&#8220; background_layout=&#8220;light&#8220; custom_padding=&#8220;6vw||6vw||true&#8220; custom_padding_tablet=&#8220;||||false&#8220; custom_padding_phone=&#8220;3vw||3vw||true&#8220; custom_padding_last_edited=&#8220;on|phone&#8220; animation_style=&#8220;fade&#8220; title_font_size_tablet=&#8220;35px&#8220; title_font_size_phone=&#8220;25px&#8220; title_font_size_last_edited=&#8220;on|phone&#8220; content_font_size_tablet=&#8220;16px&#8220; content_font_size_phone=&#8220;14px&#8220; content_font_size_last_edited=&#8220;on|phone&#8220; button_one_text_size_tablet=&#8220;&#8220; button_one_text_size_phone=&#8220;&#8220; button_one_text_size_last_edited=&#8220;on|desktop&#8220; button_one_border_radius_hover=&#8220;0px&#8220; button_two_border_radius_hover=&#8220;0px&#8220; global_colors_info=&#8220;{}&#8220; button_one_text_size__hover_enabled=&#8220;off&#8220; button_two_text_size__hover_enabled=&#8220;off&#8220; button_one_text_color__hover_enabled=&#8220;off&#8220; button_two_text_color__hover_enabled=&#8220;off&#8220; button_one_border_width__hover_enabled=&#8220;off&#8220; button_two_border_width__hover_enabled=&#8220;off&#8220; button_one_border_color__hover_enabled=&#8220;off&#8220; button_two_border_color__hover_enabled=&#8220;off&#8220; button_one_border_radius__hover_enabled=&#8220;on&#8220; button_one_border_radius__hover=&#8220;0px&#8220; button_two_border_radius__hover_enabled=&#8220;on&#8220; button_two_border_radius__hover=&#8220;0px&#8220; button_one_letter_spacing__hover_enabled=&#8220;off&#8220; button_two_letter_spacing__hover_enabled=&#8220;off&#8220; button_one_bg_color__hover_enabled=&#8220;off&#8220; button_two_bg_color__hover_enabled=&#8220;off&#8220;]<\/p>\n<p>Mit Engagement und Hingabe wird der Erfolg seit 3 Generationen \u00fcbertragen w\u00fcrde!<\/p>\n<p>&nbsp;<\/p>\n<p>[\/et_pb_fullwidth_header][\/et_pb_section][et_pb_section fb_built=&#8220;1&#8243; admin_label=&#8220;About Us&#8220; _builder_version=&#8220;4.16&#8243; custom_padding=&#8220;54px|0px|0|0px|false|false&#8220; global_colors_info=&#8220;{}&#8220;][et_pb_row column_structure=&#8220;2_3,1_3&#8243; _builder_version=&#8220;4.16&#8243; global_colors_info=&#8220;{}&#8220;][et_pb_column type=&#8220;2_3&#8243; _builder_version=&#8220;4.16&#8243; custom_padding=&#8220;|||&#8220; global_colors_info=&#8220;{}&#8220; custom_padding__hover=&#8220;|||&#8220;][et_pb_text _builder_version=&#8220;4.21.0&#8243; text_font=&#8220;||||||||&#8220; text_font_size=&#8220;15px&#8220; text_line_height=&#8220;2em&#8220; ul_font=&#8220;|700|||||||&#8220; ul_line_height=&#8220;2em&#8220; ol_font=&#8220;||||||||&#8220; header_font=&#8220;||||||||&#8220; header_2_font=&#8220;Ubuntu|700|||||||&#8220; header_2_font_size=&#8220;40px&#8220; header_2_line_height=&#8220;1.4em&#8220; header_3_font=&#8220;||||||||&#8220; header_4_font=&#8220;||||||||&#8220; header_5_font=&#8220;||||||||&#8220; header_6_font=&#8220;||||||||&#8220; header_2_font_size_tablet=&#8220;&#8220; header_2_font_size_phone=&#8220;24px&#8220; header_2_font_size_last_edited=&#8220;on|phone&#8220; global_colors_info=&#8220;{}&#8220;]<\/p>\n<h2>Generation der Feinmechanik<\/h2>\n<p>Die Heutschi AG ist ein Familienunternehmen mit \u00fcber 40 Jahren Erfahrung in der Planung, dem Bau und dem Unterhalt vom 100% Swiss Made Standseilbahnen, und auf die n\u00e4chste generation weiter gegeben<\/p>\n<p>&nbsp;<\/p>\n<p style=\"font-weight: 400;\">Die Heutschi AG ist eine unbestrittene S\u00e4ule in der Standseilbahnbranche und zeichnet sich als f\u00fchrendes Unternehmen in der Produktion und Installation von innovativen und zuverl\u00e4ssigen Seiltransportsystemen f\u00fcr Privatwohnungen aus. Das mit einer bahnbrechenden Vision gegr\u00fcndete Schweizer Unternehmen hat sich seinen Ruf durch jahrzehntelanges Engagement f\u00fcr Spitzenleistungen und Qualit\u00e4t erworben.<\/p>\n<p style=\"font-weight: 400;\"><span> <\/span><span style=\"font-size: 15px;\">Die Heutschi AG kann auf eine lange und erfolgreiche Geschichte zur\u00fcckblicken. Sie wurde 1975 in einem Vorort von Lugano gegr\u00fcndet und von Vater zu Sohn weitergegeben. 1992 wurde sie in eine Aktiengesellschaft umgewandelt. Durch st\u00e4ndiges Engagement in Forschung und Entwicklung ist das Unternehmen stets auf dem neuesten Stand der Technik und der Branchentrends. Das Unternehmen ist auf die individuelle Gestaltung von Standseilbahnen und Zahnradbahnen spezialisiert und zeichnet sich durch seine F\u00e4higkeit aus, massgeschneiderte L\u00f6sungen f\u00fcr die spezifischen Bed\u00fcrfnisse jedes Kunden zu liefern.<\/span><\/p>\n<p style=\"font-weight: 400;\"><span> <\/span><\/p>\n<p style=\"font-weight: 400;\"><span>Schweizer Handwerkskunst und Pr\u00e4zision spiegeln sich in jedem Schritt des Produktionsprozesses der Heutschi AG wieder. Von der Systemkonzeption und -auslegung bis hin zur Montage und Installation ist das Unternehmen bestrebt, maximale Sicherheit und Zuverl\u00e4ssigkeit seiner Produkte zu gew\u00e4hrleisten. Die Heutschi AG ist stets bestrebt, mit innovativen L\u00f6sungen und erstklassigen Dienstleistungen die Erwartungen zu \u00fcbertreffen.<\/span> <\/p>\n<p>Mit Sitz in der Schweiz bietet sie umfassende Kompetenz.<\/p>\n<p>[\/et_pb_text][\/et_pb_column][et_pb_column type=&#8220;1_3&#8243; _builder_version=&#8220;4.16&#8243; custom_padding=&#8220;|||&#8220; global_colors_info=&#8220;{}&#8220; custom_padding__hover=&#8220;|||&#8220;][et_pb_image src=&#8220;https:\/\/heutschi-sa.ch\/wp-content\/uploads\/2024\/01\/IMG_3503.jpg&#8220; title_text=&#8220;IMG_3503&#8243; _builder_version=&#8220;4.21.0&#8243; _module_preset=&#8220;default&#8220; width=&#8220;100%&#8220; min_height=&#8220;260px&#8220; custom_padding=&#8220;||0px|||&#8220; global_colors_info=&#8220;{}&#8220;][\/et_pb_image][\/et_pb_column][\/et_pb_row][\/et_pb_section][et_pb_section fb_built=&#8220;1&#8243; admin_label=&#8220;Team&#8220; _builder_version=&#8220;4.21.0&#8243; custom_padding=&#8220;54px|0px|0|0px|false|false&#8220; global_colors_info=&#8220;{}&#8220;][et_pb_row _builder_version=&#8220;4.16&#8243; global_colors_info=&#8220;{}&#8220;][et_pb_column type=&#8220;4_4&#8243; _builder_version=&#8220;4.16&#8243; custom_padding=&#8220;|||&#8220; custom_padding_tablet=&#8220;|||&#8220; custom_padding_phone=&#8220;|||&#8220; custom_padding_last_edited=&#8220;on|desktop&#8220; global_colors_info=&#8220;{}&#8220; padding_phone=&#8220;|||&#8220; padding_tablet=&#8220;|||&#8220; padding_last_edited=&#8220;on|desktop&#8220; custom_padding__hover=&#8220;|||&#8220;][et_pb_text _builder_version=&#8220;4.16&#8243; text_font=&#8220;||||||||&#8220; text_font_size=&#8220;15px&#8220; text_line_height=&#8220;2em&#8220; header_font=&#8220;||||||||&#8220; header_2_font=&#8220;Ubuntu|700|||||||&#8220; header_2_font_size=&#8220;40px&#8220; header_2_line_height=&#8220;1.4em&#8220; max_width=&#8220;600px&#8220; header_2_font_size_tablet=&#8220;&#8220; header_2_font_size_phone=&#8220;24px&#8220; header_2_font_size_last_edited=&#8220;on|phone&#8220; global_colors_info=&#8220;{}&#8220;]<\/p>\n<h2>Das Management  <\/h2>\n<p>unser Team besteht auch aus Sekretariats- und Werkstattmitarbeitern<\/p>\n<p>[\/et_pb_text][\/et_pb_column][\/et_pb_row][et_pb_row column_structure=&#8220;1_3,1_3,1_3&#8243; _builder_version=&#8220;4.16&#8243; global_colors_info=&#8220;{}&#8220;][et_pb_column type=&#8220;1_3&#8243; _builder_version=&#8220;4.16&#8243; custom_padding=&#8220;|||&#8220; global_colors_info=&#8220;{}&#8220; custom_padding__hover=&#8220;|||&#8220;][et_pb_team_member name=&#8220;Roman Heutschi&#8220; image_url=&#8220;https:\/\/heutschi-sa.ch\/wp-content\/uploads\/2024\/01\/IMG_3507.jpg&#8220; _builder_version=&#8220;4.21.0&#8243; header_font=&#8220;Ubuntu|700|||||||&#8220; header_font_size=&#8220;24px&#8220; header_line_height=&#8220;1.8em&#8220; text_orientation=&#8220;center&#8220; min_height=&#8220;476px&#8220; border_radii_image=&#8220;off|400px|400px|400px|400px&#8220; global_colors_info=&#8220;{}&#8220;][\/et_pb_team_member][\/et_pb_column][et_pb_column type=&#8220;1_3&#8243; _builder_version=&#8220;4.16&#8243; custom_padding=&#8220;|||&#8220; global_colors_info=&#8220;{}&#8220; custom_padding__hover=&#8220;|||&#8220;][et_pb_team_member name=&#8220;Hermann Heutschi&#8220; image_url=&#8220;https:\/\/heutschi-sa.ch\/wp-content\/uploads\/2024\/01\/IMG_3508.jpg&#8220; _builder_version=&#8220;4.21.0&#8243; header_font=&#8220;Ubuntu|700|||||||&#8220; header_font_size=&#8220;24px&#8220; header_line_height=&#8220;1.8em&#8220; text_orientation=&#8220;center&#8220; border_radii_image=&#8220;on|400px|400px|400px|400px&#8220; global_colors_info=&#8220;{}&#8220;][\/et_pb_team_member][\/et_pb_column][et_pb_column type=&#8220;1_3&#8243; _builder_version=&#8220;4.16&#8243; custom_padding=&#8220;|||&#8220; global_colors_info=&#8220;{}&#8220; custom_padding__hover=&#8220;|||&#8220;][\/et_pb_column][\/et_pb_row][et_pb_row _builder_version=&#8220;4.21.0&#8243; custom_margin=&#8220;56px|auto||auto||&#8220; custom_padding=&#8220;0|0px|0|0px|true|false&#8220; global_colors_info=&#8220;{}&#8220;][et_pb_column type=&#8220;4_4&#8243; _builder_version=&#8220;4.16&#8243; custom_padding=&#8220;|||&#8220; global_colors_info=&#8220;{}&#8220; custom_padding__hover=&#8220;|||&#8220;][\/et_pb_column][\/et_pb_row][\/et_pb_section][et_pb_section fb_built=&#8220;1&#8243; admin_label=&#8220;Testimonials&#8220; _builder_version=&#8220;4.16&#8243; custom_padding=&#8220;0|0px|0|0px|false|false&#8220; animation_style=&#8220;slide&#8220; animation_direction=&#8220;left&#8220; animation_intensity_slide=&#8220;5%&#8220; global_colors_info=&#8220;{}&#8220;][\/et_pb_section][et_pb_section fb_built=&#8220;1&#8243; admin_label=&#8220;Contact Us&#8220; _builder_version=&#8220;4.16&#8243; background_image=&#8220;https:\/\/heutschi-sa.ch\/wp-content\/uploads\/2023\/07\/Bg-001.png&#8220; global_colors_info=&#8220;{}&#8220;][et_pb_row column_structure=&#8220;1_2,1_2&#8243; _builder_version=&#8220;4.16&#8243; global_colors_info=&#8220;{}&#8220;][et_pb_column type=&#8220;1_2&#8243; _builder_version=&#8220;4.16&#8243; custom_padding=&#8220;|||&#8220; global_colors_info=&#8220;{}&#8220; custom_padding__hover=&#8220;|||&#8220;][\/et_pb_column][et_pb_column type=&#8220;1_2&#8243; _builder_version=&#8220;4.16&#8243; custom_padding=&#8220;|||&#8220; global_colors_info=&#8220;{}&#8220; custom_padding__hover=&#8220;|||&#8220;][et_pb_text _builder_version=&#8220;4.16&#8243; text_font=&#8220;||||||||&#8220; text_font_size=&#8220;15px&#8220; text_line_height=&#8220;2em&#8220; header_font=&#8220;||||||||&#8220; header_2_font=&#8220;Ubuntu|700|||||||&#8220; header_2_font_size=&#8220;40px&#8220; header_2_line_height=&#8220;1.4em&#8220; max_width=&#8220;600px&#8220; header_2_font_size_tablet=&#8220;&#8220; header_2_font_size_phone=&#8220;24px&#8220; header_2_font_size_last_edited=&#8220;on|phone&#8220; global_colors_info=&#8220;{}&#8220;]<\/p>\n<h2>Kontakt<\/h2>\n<p>Aufgrund der h\u00e4ufigen Aktivit\u00e4ten au\u00dferhalb des Gel\u00e4ndes laden wir Sie ein, Ihre Besuche anzuk\u00fcndigen<\/p>\n<p>[\/et_pb_text][et_pb_blurb title=&#8220;Telefon: 0041 (0)91 946 23 96&#8243; use_icon=&#8220;on&#8220; font_icon=&#8220;&#xe090;||divi||400&#8243; icon_color=&#8220;#557df3&#8243; icon_placement=&#8220;left&#8220; _builder_version=&#8220;4.21.0&#8243; header_level=&#8220;h6&#8243; header_font=&#8220;Ubuntu|700|||||||&#8220; header_text_color=&#8220;#557df3&#8243; header_font_size=&#8220;16px&#8220; header_line_height=&#8220;1.8em&#8220; body_font=&#8220;||||||||&#8220; locked=&#8220;off&#8220; global_colors_info=&#8220;{}&#8220;][\/et_pb_blurb][et_pb_blurb title=&#8220;E-Mail: info@heutschi-sa.ch&#8220; use_icon=&#8220;on&#8220; font_icon=&#8220;&#xe010;||divi||400&#8243; icon_color=&#8220;#557df3&#8243; icon_placement=&#8220;left&#8220; _builder_version=&#8220;4.21.0&#8243; header_level=&#8220;h6&#8243; header_font=&#8220;Ubuntu|700|||||||&#8220; header_text_color=&#8220;#557df3&#8243; header_font_size=&#8220;16px&#8220; header_line_height=&#8220;1.8em&#8220; body_font=&#8220;||||||||&#8220; locked=&#8220;off&#8220; global_colors_info=&#8220;{}&#8220;][\/et_pb_blurb][et_pb_blurb title=&#8220;Adresse: Via Cantonale 126 6804 Bironico&#8220; use_icon=&#8220;on&#8220; font_icon=&#8220;&#xf3c5;||fa||900&#8243; icon_color=&#8220;#557df3&#8243; icon_placement=&#8220;left&#8220; _builder_version=&#8220;4.21.0&#8243; header_level=&#8220;h6&#8243; header_font=&#8220;Ubuntu|700|||||||&#8220; header_text_color=&#8220;#557df3&#8243; header_font_size=&#8220;16px&#8220; header_line_height=&#8220;1.8em&#8220; body_font=&#8220;||||||||&#8220; locked=&#8220;off&#8220; global_colors_info=&#8220;{}&#8220;][\/et_pb_blurb][\/et_pb_column][\/et_pb_row][\/et_pb_section]<\/p>\n","protected":false},"excerpt":{"rendered":"<p>Mit Engagement und Hingabe wird der Erfolg seit 3 Generationen \u00fcbertragen w\u00fcrde! &nbsp;Generation der Feinmechanik Die Heutschi AG ist ein Familienunternehmen mit \u00fcber 40 Jahren Erfahrung in der Planung, dem Bau und dem Unterhalt vom 100% Swiss Made Standseilbahnen, und auf die n\u00e4chste generation weiter gegeben &nbsp; Die Heutschi AG ist eine unbestrittene S\u00e4ule in [&hellip;]<\/p>\n","protected":false},"author":2,"featured_media":0,"parent":0,"menu_order":0,"comment_status":"closed","ping_status":"closed","template":"","meta":{"_et_pb_use_builder":"on","_et_pb_old_content":"","_et_gb_content_width":""},"_links":{"self":[{"href":"https:\/\/heutschi-sa.ch\/de\/wp-json\/wp\/v2\/pages\/410"}],"collection":[{"href":"https:\/\/heutschi-sa.ch\/de\/wp-json\/wp\/v2\/pages"}],"about":[{"href":"https:\/\/heutschi-sa.ch\/de\/wp-json\/wp\/v2\/types\/page"}],"author":[{"embeddable":true,"href":"https:\/\/heutschi-sa.ch\/de\/wp-json\/wp\/v2\/users\/2"}],"replies":[{"embeddable":true,"href":"https:\/\/heutschi-sa.ch\/de\/wp-json\/wp\/v2\/comments?post=410"}],"version-history":[{"count":11,"href":"https:\/\/heutschi-sa.ch\/de\/wp-json\/wp\/v2\/pages\/410\/revisions"}],"predecessor-version":[{"id":628,"href":"https:\/\/heutschi-sa.ch\/de\/wp-json\/wp\/v2\/pages\/410\/revisions\/628"}],"wp:attachment":[{"href":"https:\/\/heutschi-sa.ch\/de\/wp-json\/wp\/v2\/media?parent=410"}],"curies":[{"name":"wp","href":"https:\/\/api.w.org\/{rel}","templated":true}]}}